{"id":374771,"date":"2025-07-15T10:26:01","date_gmt":"2025-07-15T08:26:01","guid":{"rendered":"https:\/\/www.kundlerhof.bz.it\/home\/"},"modified":"2025-12-01T11:12:18","modified_gmt":"2025-12-01T10:12:18","slug":"home","status":"publish","type":"page","link":"https:\/\/www.kundlerhof.bz.it\/it\/","title":{"rendered":"Home"},"content":{"rendered":"<div class=\"et_pb_section_0 et_pb_section et_section_regular et_flex_section preset--module--divi-section--7ij9i2q7sd\">\n<div class=\"et_pb_row_0 et_pb_row et_flex_row preset--module--divi-row--5gwwzgruid\">\n<div class=\"et_pb_column_0 et_pb_column et-last-child et_flex_column et_pb_css_mix_blend_mode_passthrough et_flex_column_24_24 preset--module--divi-column--8lr2b6f7wn\">\n<div class=\"et_pb_video_0 et_pb_video et_pb_module et_flex_module dm-autoplay-btn preset--module--divi-video--ejaogmza15\"><div class=\"et_pb_video_box\"><video controls><source type=\"video\/mp4\" src=\"http:\/\/www.kundlerhof.bz.it\/wp-content\/uploads\/2025\/10\/kundlerhof-agriturismo-stilves-campo-di-trens-wipptal-alto-adige-imagevideo-wa-848.mp4\" \/><\/video><\/div><\/div>\n\n<div class=\"et_pb_code_0 et_pb_code et_pb_module\"><div class=\"et_pb_code_inner\"><script>\njQuery(document).ready(function($) {\n    var $videoBoxes = $('.dm-autoplay-btn .et_pb_video_box');\n    \n    if ($videoBoxes.length !== 0) {\n        $videoBoxes.find('video')\n            .prop('muted', true)\n            .prop('loop', true)\n            .prop('playsInline', true);\n        \n        $videoBoxes.each(function() {\n            this.querySelector('video').play();\n        });\n    }\n});\n<\/script><\/div><\/div>\n<\/div>\n<\/div>\n<\/div>\n\n<div class=\"et_pb_section_1 et_pb_section et_section_regular et_flex_section preset--module--divi-section--p08gonvb0b\">\n<div class=\"et_pb_row_1 et_pb_row et_pb_gutters3 et_block_row preset--module--divi-row--xq43rlgeml\">\n<div class=\"et_pb_column_1 et_pb_column et-last-child et_flex_column et_pb_css_mix_blend_mode_passthrough et_flex_column_24_24 preset--module--divi-column--qdcowal6pi\">\n<div class=\"et_pb_text_0 et_pb_text et_pb_bg_layout_light et_pb_module et_flex_module preset--module--divi-text--z51mikdqlw\"><div class=\"et_pb_text_inner\"><p>Vacanze in agriturismo a Campo di Trens<\/p>\n<\/div><\/div>\n\n<div class=\"et_pb_heading_0 et_pb_heading et_pb_module et_flex_module preset--module--divi-heading--pxc3tmuxv4\"><div class=\"et_pb_heading_container\"><h1 class=\"et_pb_module_header\">Un cordiale benvenuto al Kundlerhof!<\/h1><\/div><\/div>\n\n<div class=\"et_pb_text_1 et_pb_text et_pb_bg_layout_light et_pb_module et_flex_module preset--module--divi-text--z51mikdqlw\"><div class=\"et_pb_text_inner\"><p>Siamo lieti di darvi un caloroso benvenuto al nostro agriturismo a Stilves, nel comune altoatesino di Campo di Trens. Trascorrete le vostre vacanze in armonia con la natura e godetevi la bellezza paesaggistica della Wipptal in dell\u2019Alta Valle Isarco, dimenticando la routine quotidiana.<\/p>\n<p>Che si tratti di vacanze all&#8217;insegna dello sport o del relax, con gli amici o con la famiglia, al nostro maso siete sempre nel posto giusto. L&#8217;atmosfera familiare e il contatto diretto con la natura incantano grandi e piccini.<\/p>\n<\/div><\/div>\n<\/div>\n<\/div>\n<\/div>\n\n<div class=\"et_pb_section_2 et_pb_section et_section_regular et_block_section preset--module--divi-section--gbdwx64dww\">\n<div class=\"et_pb_row_2 et_pb_row et_pb_equal_columns et_pb_gutters1 et_block_row preset--module--divi-row--klv7q8jo7a\"><span class=\"et_pb_background_pattern\"><\/span>\n<div class=\"et_pb_column_2 et_pb_column et-last-child et_flex_column et_pb_css_mix_blend_mode_passthrough et_flex_column_24_24 preset--module--divi-column--mh76gsmv2z\">\n<div class=\"et_pb_image_0 et_pb_image et_pb_module et_flex_module preset--module--divi-image--qwgjcqvv56\"><span class=\"et_pb_image_wrap\"><img loading=\"lazy\" decoding=\"async\" src=\"http:\/\/www.kundlerhof.bz.it\/wp-content\/uploads\/2025\/08\/kundlerhof-urlaub-bauernhof-stilfes-freienfeld-wipptal-suedtirol-aussenansicht-sommer-eingang-sued-dji-0028-1200x1200px-web.jpg\" width=\"1707\" height=\"1707\" class=\"wp-image-373021 wp-image-229\" \/><\/span><\/div>\n\n<div class=\"et_pb_group_0 et_pb_group et-last-child et_pb_module et_flex_group et_pb_css_mix_blend_mode_passthrough preset--module--divi-group--xi1t6clb8j\">\n<div class=\"et_pb_heading_1 et_pb_heading et_pb_module et_flex_module preset--module--divi-heading--zxg5m2mnw3\"><div class=\"et_pb_heading_container\"><h2 class=\"et_pb_module_header\">Godetevi \u2026<\/h2><\/div><\/div>\n\n<div class=\"et_pb_text_2 et_pb_text et_pb_bg_layout_light et_pb_module et_flex_module preset--module--divi-text--dq7d2i7xds\"><div class=\"et_pb_text_inner\"><p>\u2026 le particolarit\u00e0 di una vacanza in agriturismo e approfittate dell&#8217;occasione per conoscere pi\u00f9 da vicino la vita in fattoria durante il vostro soggiorno. Chi lo desidera pu\u00f2 anche dare una mano nella stalla, nei campi o in cucina.<\/p>\n<p>Gustate il latte fresco, le uova, le patate, la marmellata e l&#8217;insalata di nostra produzione. Nel nostro orto troverete diverse erbe aromatiche come prezzemolo, erba cipollina, basilico o salvia. Durante il periodo della raccolta potrete anche assaggiare i lamponi freschi, il ribes o le more.<\/p>\n<\/div><\/div>\n<\/div>\n<\/div>\n<\/div>\n\n<div class=\"et_pb_row_3 et_pb_row et_pb_equal_columns et_pb_gutters1 et_block_row preset--module--divi-row--klv7q8jo7a\"><span class=\"et_pb_background_pattern\"><\/span>\n<div class=\"et_pb_column_3 et_pb_column et-last-child et_flex_column et_pb_css_mix_blend_mode_passthrough et_flex_column_24_24 preset--module--divi-column--mh76gsmv2z\">\n<div class=\"et_pb_image_1 et_pb_image et_pb_module et_flex_module preset--module--divi-image--qwgjcqvv56\"><span class=\"et_pb_image_wrap\"><img loading=\"lazy\" decoding=\"async\" src=\"http:\/\/www.kundlerhof.bz.it\/wp-content\/uploads\/2025\/08\/kundlerhof-urlaub-bauernhof-stilfes-freienfeld-wipptal-suedtirol-aussenansicht-sommer-wohnhaus-sued-west-06333-1200x1200px-web.jpg\" width=\"1200\" height=\"1200\" class=\"wp-image-372986 wp-image-234\" \/><\/span><\/div>\n\n<div class=\"et_pb_group_1 et_pb_group et-last-child et_pb_module et_flex_group et_pb_css_mix_blend_mode_passthrough preset--module--divi-group--xi1t6clb8j\">\n<div class=\"et_pb_heading_2 et_pb_heading et_pb_module et_flex_module preset--module--divi-heading--zxg5m2mnw3\"><div class=\"et_pb_heading_container\"><h2 class=\"et_pb_module_header\">Saremo lieti di mostrare&nbsp;\u2026<\/h2><\/div><\/div>\n\n<div class=\"et_pb_text_3 et_pb_text et_pb_bg_layout_light et_pb_module et_flex_module preset--module--divi-text--dq7d2i7xds\"><div class=\"et_pb_text_inner\"><p>\u2026 a voi e ai vostri bambini il nostro maso con i suoi vari animali. Le 25 mucche e vitelli nella nostra stalla sono la nostra gioia nel lavoro quotidiano.<\/p>\n<p>JOgni mucca e ogni vitellino porta un bel nome, scelto da noi o dai nostri ospiti. Ogni giorno le nostre dieci galline depongono uova fresche. I nostri gatti Fridolin, Molli, Paula e Billi sono gli animali preferiti di molti dei nostri ospiti.<\/p>\n<\/div><\/div>\n<\/div>\n<\/div>\n<\/div>\n<\/div>\n\n<div class=\"et_pb_section_3 et_pb_section et_section_regular et_block_section preset--module--divi-section--lq85kffiwh\">\n<div class=\"et_pb_row_4 et_pb_row et_flex_row preset--module--divi-row--ecmvk0u6im\">\n<div class=\"et_pb_column_4 et_pb_column et-last-child et_flex_column et_pb_css_mix_blend_mode_passthrough et_flex_column_24_24 preset--module--divi-column--bj863bmdm3\">\n<div class=\"et_pb_blurb_0 et_pb_blurb et_pb_bg_layout_light et_pb_text_align_center et_pb_blurb_position_top et_pb_module et_flex_module preset--module--divi-blurb--o7c3akkcib\"><div class=\"et_pb_blurb_content et_flex_module\"><div class=\"et_pb_main_blurb_image\"><span class=\"et_pb_image_wrap\"><span class=\"et-pb-icon et-waypoint et_pb_animation_top et_pb_animation_top_tablet et_pb_animation_top_phone\">\ue065<\/span><\/span><\/div><div class=\"et_pb_blurb_container\"><h4 class=\"et_pb_module_header\">Vivere la realt\u00e0 contadina<\/h4><div class=\"et_pb_blurb_description\"><p>Visite guidate al maso, raccolta del fieno&#8230;<\/p>\n<\/div><\/div><\/div><\/div>\n\n<div class=\"et_pb_blurb_1 et_pb_blurb et_pb_bg_layout_light et_pb_text_align_center et_pb_blurb_position_top et_pb_module et_flex_module preset--module--divi-blurb--o7c3akkcib\"><div class=\"et_pb_blurb_content et_flex_module\"><div class=\"et_pb_main_blurb_image\"><span class=\"et_pb_image_wrap\"><span class=\"et-pb-icon et-waypoint et_pb_animation_top et_pb_animation_top_tablet et_pb_animation_top_phone\">\uf7b6<\/span><\/span><\/div><div class=\"et_pb_blurb_container\"><h4 class=\"et_pb_module_header\">Gustare i prodotti del maso<\/h4><div class=\"et_pb_blurb_description\"><p>Latte, uova, frutta, succhi&#8230;<\/p>\n<\/div><\/div><\/div><\/div>\n\n<div class=\"et_pb_blurb_2 et_pb_blurb et_pb_bg_layout_light et_pb_text_align_center et_pb_blurb_position_top et_pb_module et_flex_module preset--module--divi-blurb--o7c3akkcib\"><div class=\"et_pb_blurb_content et_flex_module\"><div class=\"et_pb_main_blurb_image\"><span class=\"et_pb_image_wrap\"><span class=\"et-pb-icon et-waypoint et_pb_animation_top et_pb_animation_top_tablet et_pb_animation_top_phone\">\uf5ca<\/span><\/span><\/div><div class=\"et_pb_blurb_container\"><h4 class=\"et_pb_module_header\">Benessere &#038; relax<\/h4><div class=\"et_pb_blurb_description\"><p>Prato prendisole, area giochi per bambini, pergolato con barbecue&#8230;<\/p>\n<\/div><\/div><\/div><\/div>\n\n<div class=\"et_pb_blurb_3 et_pb_blurb et_pb_bg_layout_light et_pb_text_align_center et_pb_blurb_position_top et_pb_module et_flex_module preset--module--divi-blurb--o7c3akkcib\"><div class=\"et_pb_blurb_content et_flex_module\"><div class=\"et_pb_main_blurb_image\"><span class=\"et_pb_image_wrap\"><span class=\"et-pb-icon et-waypoint et_pb_animation_top et_pb_animation_top_tablet et_pb_animation_top_phone\">\uf70c<\/span><\/span><\/div><div class=\"et_pb_blurb_container\"><h4 class=\"et_pb_module_header\">Vacanze attive in ogni stagione<\/h4><div class=\"et_pb_blurb_description\"><p>Escursionismo, ciclismo, equitazione, sci, sci di fondo, slittino&#8230;<\/p>\n<\/div><\/div><\/div><\/div>\n\n<div class=\"et_pb_blurb_4 et_pb_blurb et_pb_bg_layout_light et_pb_text_align_center et_pb_blurb_position_top et_pb_module et_flex_module preset--module--divi-blurb--o7c3akkcib\"><div class=\"et_pb_blurb_content et_flex_module\"><div class=\"et_pb_main_blurb_image\"><span class=\"et_pb_image_wrap\"><span class=\"et-pb-icon et-waypoint et_pb_animation_top et_pb_animation_top_tablet et_pb_animation_top_phone\">\uf4b8<\/span><\/span><\/div><div class=\"et_pb_blurb_container\"><h4 class=\"et_pb_module_header\">2 appartamenti accoglienti<\/h4><div class=\"et_pb_blurb_description\"><p>per un totale massimo di 10 ospiti<\/p>\n<\/div><\/div><\/div><\/div>\n<\/div>\n<\/div>\n<\/div>\n\n<div class=\"et_pb_section_4 et_pb_section et_section_regular et_flex_section preset--module--divi-section--d52184y2uv\">\n<div class=\"et_pb_row_5 et_pb_row et_flex_row preset--module--divi-row--ol4plr7glw\">\n<div class=\"et_pb_column_5 et_pb_column et-last-child et_flex_column et_pb_css_mix_blend_mode_passthrough et_flex_column_24_24 preset--module--divi-column--ikukiqixzw\">\n<div class=\"et_pb_image_2 et_pb_image et_pb_image_sticky et_pb_module et_flex_module preset--module--divi-image--v3lvmy5wlx\"><span class=\"et_pb_image_wrap\"><img loading=\"lazy\" decoding=\"async\" src=\"http:\/\/www.kundlerhof.bz.it\/wp-content\/uploads\/2025\/07\/kundlerhof-urlaub-bauernhof-stilfes-freienfeld-wipptal-suedtirol-detail-speck-06248-web.jpg\" width=\"1920\" height=\"1280\" class=\"wp-image-223\" \/><\/span><\/div>\n<\/div>\n<\/div>\n<\/div>\n\n<div class=\"et_pb_section_5 et_pb_section et_section_regular et_flex_section preset--module--divi-section--1aznzo7fy4\">\n<div class=\"et_pb_row_6 et_pb_row et_pb_gutters3 et_block_row preset--module--divi-row--5ol0y677ar\">\n<div class=\"et_pb_column_6 et_pb_column et-last-child et_flex_column et_pb_css_mix_blend_mode_passthrough et_flex_column_24_24 preset--module--divi-column--h15y1b73up\">\n<div class=\"et_pb_heading_3 et_pb_heading et_pb_module et_flex_module preset--module--divi-heading--zxg5m2mnw3\"><div class=\"et_pb_heading_container\"><h2 class=\"et_pb_module_header\">Vacanze attive in ogni stagione dell&#8217;anno nei dintorni<\/h2><\/div><\/div>\n\n<div class=\"et_pb_text_4 et_pb_text et_pb_bg_layout_light et_pb_module et_flex_module preset--module--divi-text--b4p22aavgl\"><div class=\"et_pb_text_inner\"><p>Con le numerose opportunit\u00e0 sportive e ricreative nelle immediate vicinanze, voi e i vostri bambini non vi annoierete mai. Escursioni a piedi, in bicicletta, in canoa o a cavallo in estate, sci, sci di fondo, slittino, ciaspolate o pattinaggio sul ghiaccio in inverno: vi divertirete senza dubbio.<\/p>\n<p>Durante una rilassante vacanza in famiglia potrete passeggiare tra i prati e i boschi che circondano il nostro paese o esplorare la nostra valle in bicicletta. Scoprite le montagne della nostra regione con un&#8217;escursione in montagna o un tour in mountain bike. Le Alpi della Zillertal e dello Stubai invitano a intraprendere escursioni in montagna di tutti i livelli di difficolt\u00e0.<\/p>\n<p>Partite per escursioni e gite alla scoperta delle numerose attrazioni culturali e dei suggestivi monumenti naturali dell&#8217;Alto Adige e del Tirolo del Nord: grazie alla nostra posizione centrale, potrete raggiungere comodamente e in pochissimo tempo Bressanone, Bolzano, Merano o Brunico, ma anche Innsbruck, capoluogo del Tirolo.<\/p>\n<\/div><\/div>\n<\/div>\n<\/div>\n<\/div>\n\n<div class=\"et_pb_section_6 et_pb_section et_section_regular et_flex_section preset--module--divi-section--d52184y2uv\">\n<div class=\"et_pb_row_7 et_pb_row et_flex_row preset--module--divi-row--ol4plr7glw\">\n<div class=\"et_pb_column_7 et_pb_column et-last-child et_flex_column et_pb_css_mix_blend_mode_passthrough et_flex_column_24_24 preset--module--divi-column--ikukiqixzw\">\n<div class=\"et_pb_image_3 et_pb_image et_pb_image_sticky et_pb_module et_flex_module preset--module--divi-image--v3lvmy5wlx\"><span class=\"et_pb_image_wrap\"><img loading=\"lazy\" decoding=\"async\" src=\"http:\/\/www.kundlerhof.bz.it\/wp-content\/uploads\/2025\/08\/daniel-geiger-rennrad-suedtirol-schlern-web.jpg\" width=\"1920\" height=\"1280\" class=\"wp-image-373216\" \/><\/span><\/div>\n<\/div>\n<\/div>\n<\/div>\n\n<div class=\"et_pb_section_7 et_pb_section et_section_regular et_flex_section preset--module--divi-section--1aznzo7fy4\">\n<div class=\"et_pb_row_8 et_pb_row et_pb_gutters3 et_block_row preset--module--divi-row--5ol0y677ar\">\n<div class=\"et_pb_column_8 et_pb_column et_pb_column_4_4 et-last-child et_block_column et_pb_css_mix_blend_mode_passthrough preset--module--divi-column--h15y1b73up\">\n<div class=\"et_pb_heading_4 et_pb_heading et_pb_module et_flex_module preset--module--divi-heading--zxg5m2mnw3\"><div class=\"et_pb_heading_container\"><h2 class=\"et_pb_module_header\">Il nostro maso a Stilves<\/h2><\/div><\/div>\n\n<div class=\"et_pb_text_5 et_pb_text et_pb_bg_layout_light et_pb_module et_flex_module preset--module--divi-text--b4p22aavgl\"><div class=\"et_pb_text_inner\"><p>Da molte generazioni il Kundlerhof \u00e8 un maso con allevamento di bovini da latte. Oggi \u00e8 gestito interamente a livello familiare. Il latte delle nostre mucche viene fornito quasi esclusivamente alla Latteria Vipiteno, che produce, tra l\u2019altro, il rinomato Yogurt Vipiteno \u201cSterzinger Jogurt\u201d, famoso ben oltre i confini dell\u2019Alto Adige.<\/p>\n<p>Durante la ristrutturazione della nostra casa nel 2009 sono stati realizzati anche due appartamenti per le vacanze. Dal 2010 sono a disposizione di chi cerca relax in agriturismo.<\/p>\n<\/div><\/div>\n<\/div>\n<\/div>\n<\/div>\n\n<div class=\"et_pb_section_8 et_pb_section et_section_regular et_flex_section preset--module--divi-section--d52184y2uv\">\n<div class=\"et_pb_row_9 et_pb_row et_flex_row preset--module--divi-row--ol4plr7glw\">\n<div class=\"et_pb_column_9 et_pb_column et-last-child et_flex_column et_pb_css_mix_blend_mode_passthrough et_flex_column_24_24 preset--module--divi-column--ikukiqixzw\">\n<div class=\"et_pb_image_4 et_pb_image et_pb_image_sticky et_pb_module et_flex_module preset--module--divi-image--v3lvmy5wlx\"><span class=\"et_pb_image_wrap\"><img loading=\"lazy\" decoding=\"async\" src=\"http:\/\/www.kundlerhof.bz.it\/wp-content\/uploads\/2025\/07\/kundlerhof-urlaub-bauernhof-stilfes-freienfeld-wipptal-suedtirol-aussenansicht-sommer-garten-von-oben-dji-0009-web.jpg\" width=\"2560\" height=\"1706\" class=\"wp-image-231\" \/><\/span><\/div>\n<\/div>\n<\/div>\n<\/div>\n\n<div class=\"et_pb_section_9 et_pb_section et_section_regular et_flex_section preset--module--divi-section--1aznzo7fy4\">\n<div class=\"et_pb_row_10 et_pb_row et_pb_gutters3 et_block_row preset--module--divi-row--5ol0y677ar\">\n<div class=\"et_pb_column_10 et_pb_column et_pb_column_4_4 et-last-child et_block_column et_pb_css_mix_blend_mode_passthrough preset--module--divi-column--h15y1b73up\">\n<div class=\"et_pb_heading_5 et_pb_heading et_pb_module et_flex_module preset--module--divi-heading--zxg5m2mnw3\"><div class=\"et_pb_heading_container\"><h2 class=\"et_pb_module_header\">I nostri appartamenti vacanze<\/h2><\/div><\/div>\n\n<div class=\"et_pb_text_6 et_pb_text et_pb_bg_layout_light et_pb_module et_flex_module preset--module--divi-text--b4p22aavgl\"><div class=\"et_pb_text_inner\"><p>I due appartamenti \u201cHimbeere\u201d (Lampone) e \u201cErdbeere\u201d (Fragola), accoglienti e spaziosi, sono composti da una cucina abitabile con angolo cottura attrezzato con tutti gli elettrodomestici, compresa la lavastoviglie. Sono inoltre dotati di una zona pranzo e di un salottino con televisore.<\/p>\n<p>Ogni appartamento dispone di un ampio bagno con doccia, WC e bidet, nonch\u00e9 di una oppure due camere da letto che possono ospitare fino a 5 persone. L&#8217;arredamento, semplice e in legno naturale, offre ai nostri ospiti l&#8217;atmosfera ideale per rilassarsi.<\/p>\n<\/div><\/div>\n<\/div>\n<\/div>\n\n<div class=\"et_pb_row_11 et_pb_row et_flex_row preset--module--divi-row--d0j42syfz9\">\n<div class=\"et_pb_column_11 et_pb_column et_flex_column et_pb_css_mix_blend_mode_passthrough et_flex_column_24_24 preset--module--divi-column--2juy4j4jps\">\n<div class=\"et_pb_image_5 et_pb_image et_pb_module et_flex_module preset--module--divi-image--pn024uccag\"><span class=\"et_pb_image_wrap\"><img loading=\"lazy\" decoding=\"async\" src=\"http:\/\/www.kundlerhof.bz.it\/wp-content\/uploads\/2025\/07\/kundlerhof-urlaub-bauernhof-stilfes-freienfeld-wipptal-suedtirol-ferienwohnung-himbeere-schlafzimmer-06267-web.jpg\" width=\"2560\" height=\"1707\" class=\"wp-image-240\" \/><\/span><\/div>\n\n<div class=\"et_pb_heading_6 et_pb_heading et_pb_module et_flex_module preset--module--divi-heading--y4yusn159k\"><div class=\"et_pb_heading_container\"><h3 class=\"et_pb_module_header\">Appartamento &#8220;Himbeere&#8221;<\/h3><\/div><\/div>\n\n<ul class=\"et_pb_icon_list_0 et_pb_icon_list et_pb_module et_flex_module preset--module--divi-icon-list--pvtb8vkw85\">\n<li class=\"et_pb_icon_list_item_0 et_pb_icon_list_item et_pb_module et_flex_module preset--module--divi-icon-list-item--2a6sa7s15a\"><span class=\"et-pb-icon\">\ue08b<\/span><div class=\"et_pb_icon_list_text\">per 2-4 ospiti (3 letti fissi), 38m\u00b2<\/div><\/li>\n\n<li class=\"et_pb_icon_list_item_1 et_pb_icon_list_item et_pb_module et_flex_module preset--module--divi-icon-list-item--2a6sa7s15a\"><span class=\"et-pb-icon\">\uf7a2<\/span><div class=\"et_pb_icon_list_text\">da 80\u20ac per 2 persone<\/div><\/li>\n<\/ul>\n\n<div class=\"et_pb_module et_pb_button_module_wrapper et_pb_button_0_wrapper preset--module--divi-button--amxruecuhx_wrapper\"><a class=\"et_pb_button_0 et_pb_button et_pb_bg_layout_light et_pb_module et_flex_module preset--module--divi-button--amxruecuhx\" href=\"https:\/\/www.kundlerhof.bz.it\/it\/appartamento-himbeere-lampone\/\" data-icon=\"5\">Scopri di pi\u00f9<\/a><\/div>\n\n<div class=\"et_pb_image_6 et_pb_image et_pb_module et_flex_module preset--module--divi-image--s3lq57a24w\"><span class=\"et_pb_image_wrap\"><img loading=\"lazy\" decoding=\"async\" src=\"http:\/\/www.kundlerhof.bz.it\/wp-content\/uploads\/2025\/08\/kundlerhof-himbeere-3color-770x1024.png\" width=\"770\" height=\"1024\" class=\"wp-image-645\" title=\"real-estate-2\" \/><\/span><\/div>\n<\/div>\n\n<div class=\"et_pb_column_12 et_pb_column et-last-child et_flex_column et_pb_css_mix_blend_mode_passthrough et_flex_column_24_24 preset--module--divi-column--2juy4j4jps\">\n<div class=\"et_pb_image_7 et_pb_image et_pb_module et_flex_module preset--module--divi-image--pn024uccag\"><span class=\"et_pb_image_wrap\"><img loading=\"lazy\" decoding=\"async\" src=\"http:\/\/www.kundlerhof.bz.it\/wp-content\/uploads\/2025\/07\/kundlerhof-urlaub-bauernhof-stilfes-freienfeld-wipptal-suedtirol-ferienwohnung-erdbeere-schlafzimmer-06220-web.jpg\" width=\"2560\" height=\"1707\" class=\"wp-image-237\" \/><\/span><\/div>\n\n<div class=\"et_pb_heading_7 et_pb_heading et_pb_module et_flex_module preset--module--divi-heading--y4yusn159k\"><div class=\"et_pb_heading_container\"><h3 class=\"et_pb_module_header\">Appartamento &#8220;Erdbeere&#8221;<\/h3><\/div><\/div>\n\n<ul class=\"et_pb_icon_list_1 et_pb_icon_list et_pb_module et_flex_module preset--module--divi-icon-list--pvtb8vkw85\">\n<li class=\"et_pb_icon_list_item_2 et_pb_icon_list_item et_pb_module et_flex_module preset--module--divi-icon-list-item--2a6sa7s15a\"><span class=\"et-pb-icon\">\ue08b<\/span><div class=\"et_pb_icon_list_text\">per 4-6 ospiti (4 letti fissi), 56m\u00b2<\/div><\/li>\n\n<li class=\"et_pb_icon_list_item_3 et_pb_icon_list_item et_pb_module et_flex_module preset--module--divi-icon-list-item--2a6sa7s15a\"><span class=\"et-pb-icon\">\uf7a2<\/span><div class=\"et_pb_icon_list_text\">da 120\u20ac per 4 persone<\/div><\/li>\n<\/ul>\n\n<div class=\"et_pb_module et_pb_button_module_wrapper et_pb_button_1_wrapper preset--module--divi-button--amxruecuhx_wrapper\"><a class=\"et_pb_button_1 et_pb_button et_pb_bg_layout_light et_pb_module et_flex_module preset--module--divi-button--amxruecuhx\" href=\"https:\/\/www.kundlerhof.bz.it\/it\/appartamento-erdbeere-fragola\/\" data-icon=\"5\">Scopri di pi\u00f9<\/a><\/div>\n\n<div class=\"et_pb_image_8 et_pb_image et_pb_module et_flex_module preset--module--divi-image--91ifrb17me\"><span class=\"et_pb_image_wrap\"><img loading=\"lazy\" decoding=\"async\" src=\"http:\/\/www.kundlerhof.bz.it\/wp-content\/uploads\/2025\/08\/kundlerhof-erdbeere-3color-712x1024.png\" width=\"712\" height=\"1024\" class=\"wp-image-641\" title=\"real-estate-2\" \/><\/span><\/div>\n<\/div>\n<\/div>\n<\/div>\n\n<div class=\"et_pb_section_10 et_pb_section et_section_regular et_flex_section preset--module--divi-section--1aznzo7fy4\"><span class=\"et_pb_background_pattern\"><\/span>\n<div class=\"et_pb_row_12 et_pb_row et_pb_gutters3 et_block_row preset--module--divi-row--5ol0y677ar\">\n<div class=\"et_pb_column_13 et_pb_column et_pb_column_4_4 et-last-child et_block_column et_pb_css_mix_blend_mode_passthrough preset--module--divi-column--h15y1b73up\">\n<div class=\"et_pb_heading_8 et_pb_heading et_pb_module et_flex_module preset--module--divi-heading--zxg5m2mnw3\"><div class=\"et_pb_heading_container\"><h2 class=\"et_pb_module_header\">Saremo lieti di darvi il benvenuto<\/h2><\/div><\/div>\n\n<div class=\"et_pb_image_9 et_pb_image et_pb_image_sticky et_pb_module et_flex_module preset--module--divi-image--v3lvmy5wlx\"><span class=\"et_pb_image_wrap\"><img loading=\"lazy\" decoding=\"async\" src=\"http:\/\/www.kundlerhof.bz.it\/wp-content\/uploads\/2025\/08\/kundlerhof-urlaub-bauernhof-stilfes-freienfeld-wipptal-suedtirol-familie-sparber-06353-1440px.jpg\" width=\"1440\" height=\"471\" class=\"wp-image-808\" \/><\/span><\/div>\n\n<div class=\"et_pb_text_7 et_pb_text et_pb_bg_layout_light et_pb_module et_flex_module preset--module--divi-text--z51mikdqlw\"><div class=\"et_pb_text_inner\"><p>Che siate qui per un weekend o per una vacanza pi\u00f9 lunga, vi promettiamo un soggiorno all&#8217;insegna del relax, del divertimento e della cordiale ospitalit\u00e0.<\/p>\n<\/div><\/div>\n\n<div class=\"et_pb_module et_pb_button_module_wrapper et_pb_button_2_wrapper preset--module--divi-button--amxruecuhx_wrapper\"><a class=\"et_pb_button_2 et_pb_button et_pb_bg_layout_light et_pb_module et_flex_module preset--module--divi-button--amxruecuhx\" href=\"https:\/\/www.kundlerhof.bz.it\/it\/richiesta-non-vincolante\/\" data-icon=\"5\">Richiedi ora<\/a><\/div>\n<\/div>\n<\/div>\n<\/div>","protected":false},"excerpt":{"rendered":"","protected":false},"author":2,"featured_media":0,"parent":0,"menu_order":0,"comment_status":"closed","ping_status":"closed","template":"","meta":{"footnotes":""},"class_list":["post-374771","page","type-page","status-publish","hentry"],"_links":{"self":[{"href":"https:\/\/www.kundlerhof.bz.it\/it\/wp-json\/wp\/v2\/pages\/374771","targetHints":{"allow":["GET"]}}],"collection":[{"href":"https:\/\/www.kundlerhof.bz.it\/it\/wp-json\/wp\/v2\/pages"}],"about":[{"href":"https:\/\/www.kundlerhof.bz.it\/it\/wp-json\/wp\/v2\/types\/page"}],"author":[{"embeddable":true,"href":"https:\/\/www.kundlerhof.bz.it\/it\/wp-json\/wp\/v2\/users\/2"}],"replies":[{"embeddable":true,"href":"https:\/\/www.kundlerhof.bz.it\/it\/wp-json\/wp\/v2\/comments?post=374771"}],"version-history":[{"count":10,"href":"https:\/\/www.kundlerhof.bz.it\/it\/wp-json\/wp\/v2\/pages\/374771\/revisions"}],"predecessor-version":[{"id":375752,"href":"https:\/\/www.kundlerhof.bz.it\/it\/wp-json\/wp\/v2\/pages\/374771\/revisions\/375752"}],"wp:attachment":[{"href":"https:\/\/www.kundlerhof.bz.it\/it\/wp-json\/wp\/v2\/media?parent=374771"}],"curies":[{"name":"wp","href":"https:\/\/api.w.org\/{rel}","templated":true}]}}